{"id":26631,"date":"2022-12-19T18:40:12","date_gmt":"2022-12-19T18:40:12","guid":{"rendered":"https:\/\/pulsarmarketingdigital.com\/?page_id=26631"},"modified":"2022-12-19T20:04:41","modified_gmt":"2022-12-19T20:04:41","slug":"acerca-de-nosotros","status":"publish","type":"page","link":"https:\/\/pulsarmarketingdigital.com\/?page_id=26631","title":{"rendered":"Acerca de nosotros"},"content":{"rendered":"\t\t<div data-elementor-type=\"wp-page\" data-elementor-id=\"26631\" class=\"elementor elementor-26631\">\n\t\t\t\t\t\t\t\t\t<section class=\"elementor-section elementor-top-section elementor-element elementor-element-f9781d3 elementor-section-boxed elementor-section-height-default elementor-section-height-default\" data-id=\"f9781d3\" data-element_type=\"section\">\n\t\t\t\t\t\t<div class=\"elementor-container elementor-column-gap-default\">\n\t\t\t\t\t<div class=\"elementor-column elementor-col-100 elementor-top-column elementor-element elementor-element-d7887b3\" data-id=\"d7887b3\" data-element_type=\"column\">\n\t\t\t<div class=\"elementor-widget-wrap elementor-element-populated\">\n\t\t\t\t\t\t\t\t<div class=\"elementor-element elementor-element-f13b702 elementor-widget elementor-widget-heading\" data-id=\"f13b702\" data-element_type=\"widget\" data-widget_type=\"heading.default\">\n\t\t\t\t<div class=\"elementor-widget-container\">\n\t\t\t<style>\/*! elementor - v3.11.1 - 15-02-2023 *\/\n.elementor-heading-title{padding:0;margin:0;line-height:1}.elementor-widget-heading .elementor-heading-title[class*=elementor-size-]>a{color:inherit;font-size:inherit;line-height:inherit}.elementor-widget-heading .elementor-heading-title.elementor-size-small{font-size:15px}.elementor-widget-heading .elementor-heading-title.elementor-size-medium{font-size:19px}.elementor-widget-heading .elementor-heading-title.elementor-size-large{font-size:29px}.elementor-widget-heading .elementor-heading-title.elementor-size-xl{font-size:39px}.elementor-widget-heading .elementor-heading-title.elementor-size-xxl{font-size:59px}<\/style><h2 class=\"elementor-heading-title elementor-size-default\">Agencia de Marketing Digital en M\u00e9xico<\/h2>\t\t<\/div>\n\t\t\t\t<\/div>\n\t\t\t\t\t<\/div>\n\t\t<\/div>\n\t\t\t\t\t\t\t<\/div>\n\t\t<\/section>\n\t\t\t\t<section class=\"elementor-section elementor-top-section elementor-element elementor-element-93bad1d elementor-section-boxed elementor-section-height-default elementor-section-height-default\" data-id=\"93bad1d\" data-element_type=\"section\">\n\t\t\t\t\t\t<div class=\"elementor-container elementor-column-gap-default\">\n\t\t\t\t\t<div class=\"elementor-column elementor-col-100 elementor-top-column elementor-element elementor-element-910573b\" data-id=\"910573b\" data-element_type=\"column\">\n\t\t\t<div class=\"elementor-widget-wrap elementor-element-populated\">\n\t\t\t\t\t\t\t\t<div class=\"elementor-element elementor-element-c89093f elementor-widget elementor-widget-image\" data-id=\"c89093f\" data-element_type=\"widget\" data-widget_type=\"image.default\">\n\t\t\t\t<div class=\"elementor-widget-container\">\n\t\t\t<style>\/*! elementor - v3.11.1 - 15-02-2023 *\/\n.elementor-widget-image{text-align:center}.elementor-widget-image a{display:inline-block}.elementor-widget-image a img[src$=\".svg\"]{width:48px}.elementor-widget-image img{vertical-align:middle;display:inline-block}<\/style>\t\t\t\t\t\t\t\t\t\t\t\t<img width=\"612\" height=\"222\" src=\"https:\/\/pulsarmarketingdigital.com\/wp-content\/uploads\/2022\/12\/Agencia-de-Marketing-Digital.png\" class=\"attachment-medium_large size-medium_large wp-image-26653\" alt=\"Agencia de Marketing Digital Guadalajara\" loading=\"lazy\" srcset=\"https:\/\/pulsarmarketingdigital.com\/wp-content\/uploads\/2022\/12\/Agencia-de-Marketing-Digital.png 612w, https:\/\/pulsarmarketingdigital.com\/wp-content\/uploads\/2022\/12\/Agencia-de-Marketing-Digital-300x109.png 300w\" sizes=\"(max-width: 612px) 100vw, 612px\" \/>\t\t\t\t\t\t\t\t\t\t\t\t\t\t\t<\/div>\n\t\t\t\t<\/div>\n\t\t\t\t\t<\/div>\n\t\t<\/div>\n\t\t\t\t\t\t\t<\/div>\n\t\t<\/section>\n\t\t\t\t<section class=\"elementor-section elementor-top-section elementor-element elementor-element-2cb4716 elementor-section-boxed elementor-section-height-default elementor-section-height-default\" data-id=\"2cb4716\" data-element_type=\"section\">\n\t\t\t\t\t\t<div class=\"elementor-container elementor-column-gap-default\">\n\t\t\t\t\t<div class=\"elementor-column elementor-col-100 elementor-top-column elementor-element elementor-element-7301b8c\" data-id=\"7301b8c\" data-element_type=\"column\">\n\t\t\t<div class=\"elementor-widget-wrap elementor-element-populated\">\n\t\t\t\t\t\t\t\t<div class=\"elementor-element elementor-element-9ea0268 elementor-widget elementor-widget-text-editor\" data-id=\"9ea0268\" data-element_type=\"widget\" data-widget_type=\"text-editor.default\">\n\t\t\t\t<div class=\"elementor-widget-container\">\n\t\t\t<style>\/*! elementor - v3.11.1 - 15-02-2023 *\/\n.elementor-widget-text-editor.elementor-drop-cap-view-stacked .elementor-drop-cap{background-color:#818a91;color:#fff}.elementor-widget-text-editor.elementor-drop-cap-view-framed .elementor-drop-cap{color:#818a91;border:3px solid;background-color:transparent}.elementor-widget-text-editor:not(.elementor-drop-cap-view-default) .elementor-drop-cap{margin-top:8px}.elementor-widget-text-editor:not(.elementor-drop-cap-view-default) .elementor-drop-cap-letter{width:1em;height:1em}.elementor-widget-text-editor .elementor-drop-cap{float:left;text-align:center;line-height:1;font-size:50px}.elementor-widget-text-editor .elementor-drop-cap-letter{display:inline-block}<\/style>\t\t\t\t<p><strong>Somos una empresa Mexicana, dedicada a impulsar a los negocios con Marketing a su medida.<\/strong><br \/><strong>Hacemos an\u00e1lisis del sector en el que labora y creamos estrategias optimas para que el crecimiento sea optimo y preciso.<\/strong><br \/><strong>Damos asesor\u00eda personalizada.<\/strong><\/p>\t\t\t\t\t\t<\/div>\n\t\t\t\t<\/div>\n\t\t\t\t\t<\/div>\n\t\t<\/div>\n\t\t\t\t\t\t\t<\/div>\n\t\t<\/section>\n\t\t\t\t<section class=\"elementor-section elementor-top-section elementor-element elementor-element-a661f8f elementor-section-boxed elementor-section-height-default elementor-section-height-default\" data-id=\"a661f8f\" data-element_type=\"section\">\n\t\t\t\t\t\t<div class=\"elementor-container elementor-column-gap-default\">\n\t\t\t\t\t<div class=\"elementor-column elementor-col-100 elementor-top-column elementor-element elementor-element-e0b7814\" data-id=\"e0b7814\" data-element_type=\"column\">\n\t\t\t<div class=\"elementor-widget-wrap elementor-element-populated\">\n\t\t\t\t\t\t\t\t<div class=\"elementor-element elementor-element-b188948 elementor-widget elementor-widget-spacer\" data-id=\"b188948\" data-element_type=\"widget\" data-widget_type=\"spacer.default\">\n\t\t\t\t<div class=\"elementor-widget-container\">\n\t\t\t<style>\/*! elementor - v3.11.1 - 15-02-2023 *\/\n.elementor-column .elementor-spacer-inner{height:var(--spacer-size)}.e-con{--container-widget-width:100%}.e-con-inner>.elementor-widget-spacer,.e-con>.elementor-widget-spacer{width:var(--container-widget-width,var(--spacer-size));--align-self:var(--container-widget-align-self,initial);--flex-shrink:0}.e-con-inner>.elementor-widget-spacer>.elementor-widget-container,.e-con-inner>.elementor-widget-spacer>.elementor-widget-container>.elementor-spacer,.e-con>.elementor-widget-spacer>.elementor-widget-container,.e-con>.elementor-widget-spacer>.elementor-widget-container>.elementor-spacer{height:100%}.e-con-inner>.elementor-widget-spacer>.elementor-widget-container>.elementor-spacer>.elementor-spacer-inner,.e-con>.elementor-widget-spacer>.elementor-widget-container>.elementor-spacer>.elementor-spacer-inner{height:var(--container-widget-height,var(--spacer-size))}<\/style>\t\t<div class=\"elementor-spacer\">\n\t\t\t<div class=\"elementor-spacer-inner\"><\/div>\n\t\t<\/div>\n\t\t\t\t<\/div>\n\t\t\t\t<\/div>\n\t\t\t\t\t<\/div>\n\t\t<\/div>\n\t\t\t\t\t\t\t<\/div>\n\t\t<\/section>\n\t\t\t\t<section class=\"elementor-section elementor-top-section elementor-element elementor-element-e692c6b elementor-section-boxed elementor-section-height-default elementor-section-height-default\" data-id=\"e692c6b\" data-element_type=\"section\">\n\t\t\t\t\t\t<div class=\"elementor-container elementor-column-gap-default\">\n\t\t\t\t\t<div class=\"elementor-column elementor-col-50 elementor-top-column elementor-element elementor-element-defedaa\" data-id=\"defedaa\" data-element_type=\"column\">\n\t\t\t<div class=\"elementor-widget-wrap elementor-element-populated\">\n\t\t\t\t\t\t\t\t<div class=\"elementor-element elementor-element-a446c91 elementor-widget elementor-widget-text-editor\" data-id=\"a446c91\" data-element_type=\"widget\" data-widget_type=\"text-editor.default\">\n\t\t\t\t<div class=\"elementor-widget-container\">\n\t\t\t\t\t\t\t<h3 class=\"title\">Construyamos juntos un negocio FUERTE\u00a0 \ud83d\udcaa\ud83c\udffb<\/h3><div>Cuando se conecta con nosotros, no est\u00e1 haciendo crecer su negocio solo. Te respaldamos y ponemos nuestro mejor esfuerzo para contribuir al crecimiento de todo tu equipo y organizaci\u00f3n.<\/div><div>\u00a0<\/div><div>Entonces, si est\u00e1 buscando la agencia adecuada que lo ayude a construir una buena presencia en l\u00ednea y generar m\u00e1s conversiones e ingresos, \u00a1estamos aqu\u00ed!<\/div>\t\t\t\t\t\t<\/div>\n\t\t\t\t<\/div>\n\t\t\t\t\t<\/div>\n\t\t<\/div>\n\t\t\t\t<div class=\"elementor-column elementor-col-50 elementor-top-column elementor-element elementor-element-ad3bbd7\" data-id=\"ad3bbd7\" data-element_type=\"column\">\n\t\t\t<div class=\"elementor-widget-wrap elementor-element-populated\">\n\t\t\t\t\t\t\t\t<div class=\"elementor-element elementor-element-441a1af elementor-widget elementor-widget-image\" data-id=\"441a1af\" data-element_type=\"widget\" data-widget_type=\"image.default\">\n\t\t\t\t<div class=\"elementor-widget-container\">\n\t\t\t\t\t\t\t\t\t\t\t\t\t\t\t<img width=\"320\" height=\"320\" src=\"https:\/\/pulsarmarketingdigital.com\/wp-content\/uploads\/2022\/12\/Agencia-de-Marketing-Mexico.jpg\" class=\"attachment-large size-large wp-image-26654\" alt=\"\" loading=\"lazy\" srcset=\"https:\/\/pulsarmarketingdigital.com\/wp-content\/uploads\/2022\/12\/Agencia-de-Marketing-Mexico.jpg 320w, https:\/\/pulsarmarketingdigital.com\/wp-content\/uploads\/2022\/12\/Agencia-de-Marketing-Mexico-300x300.jpg 300w, https:\/\/pulsarmarketingdigital.com\/wp-content\/uploads\/2022\/12\/Agencia-de-Marketing-Mexico-150x150.jpg 150w\" sizes=\"(max-width: 320px) 100vw, 320px\" \/>\t\t\t\t\t\t\t\t\t\t\t\t\t\t\t<\/div>\n\t\t\t\t<\/div>\n\t\t\t\t\t<\/div>\n\t\t<\/div>\n\t\t\t\t\t\t\t<\/div>\n\t\t<\/section>\n\t\t\t\t<section class=\"elementor-section elementor-top-section elementor-element elementor-element-1cda754 elementor-section-boxed elementor-section-height-default elementor-section-height-default\" data-id=\"1cda754\" data-element_type=\"section\">\n\t\t\t\t\t\t<div class=\"elementor-container elementor-column-gap-default\">\n\t\t\t\t\t<div class=\"elementor-column elementor-col-100 elementor-top-column elementor-element elementor-element-a883dc8\" data-id=\"a883dc8\" data-element_type=\"column\">\n\t\t\t<div class=\"elementor-widget-wrap elementor-element-populated\">\n\t\t\t\t\t\t\t\t<div class=\"elementor-element elementor-element-7946d24 elementor-widget elementor-widget-spacer\" data-id=\"7946d24\" data-element_type=\"widget\" data-widget_type=\"spacer.default\">\n\t\t\t\t<div class=\"elementor-widget-container\">\n\t\t\t\t\t<div class=\"elementor-spacer\">\n\t\t\t<div class=\"elementor-spacer-inner\"><\/div>\n\t\t<\/div>\n\t\t\t\t<\/div>\n\t\t\t\t<\/div>\n\t\t\t\t\t<\/div>\n\t\t<\/div>\n\t\t\t\t\t\t\t<\/div>\n\t\t<\/section>\n\t\t\t\t<section class=\"elementor-section elementor-top-section elementor-element elementor-element-4b45671 elementor-section-boxed elementor-section-height-default elementor-section-height-default\" data-id=\"4b45671\" data-element_type=\"section\" data-settings=\"{&quot;background_background&quot;:&quot;classic&quot;}\">\n\t\t\t\t\t\t<div class=\"elementor-container elementor-column-gap-default\">\n\t\t\t\t\t<div class=\"elementor-column elementor-col-33 elementor-top-column elementor-element elementor-element-82b4f26\" data-id=\"82b4f26\" data-element_type=\"column\">\n\t\t\t<div class=\"elementor-widget-wrap elementor-element-populated\">\n\t\t\t\t\t\t\t\t<div class=\"elementor-element elementor-element-2fe7514 elementor-view-default elementor-vertical-align-top elementor-widget elementor-widget-icon-box\" data-id=\"2fe7514\" data-element_type=\"widget\" data-widget_type=\"icon-box.default\">\n\t\t\t\t<div class=\"elementor-widget-container\">\n\t\t\t<link rel=\"stylesheet\" href=\"https:\/\/pulsarmarketingdigital.com\/wp-content\/plugins\/elementor\/assets\/css\/widget-icon-box.min.css\">\t\t<div class=\"elementor-icon-box-wrapper\">\n\t\t\t\t\t\t<div class=\"elementor-icon-box-content\">\n\t\t\t\t<h3 class=\"elementor-icon-box-title\">\n\t\t\t\t\t<span  >\n\t\t\t\t\t\tMision\t\t\t\t\t<\/span>\n\t\t\t\t<\/h3>\n\t\t\t\t\t\t\t\t\t<p class=\"elementor-icon-box-description\">\n\t\t\t\t\t\tNuestra misi\u00f3n es ayudar a nuestros clientes para que utilicen Internet en todo su potencial al brindarles soluciones de marketing y paginas web efectivas y personalizadas. \t\t\t\t\t<\/p>\n\t\t\t\t\t\t\t<\/div>\n\t\t<\/div>\n\t\t\t\t<\/div>\n\t\t\t\t<\/div>\n\t\t\t\t\t<\/div>\n\t\t<\/div>\n\t\t\t\t<div class=\"elementor-column elementor-col-33 elementor-top-column elementor-element elementor-element-6297cbb\" data-id=\"6297cbb\" data-element_type=\"column\">\n\t\t\t<div class=\"elementor-widget-wrap elementor-element-populated\">\n\t\t\t\t\t\t\t\t<div class=\"elementor-element elementor-element-6dff9f2 elementor-view-default elementor-vertical-align-top elementor-widget elementor-widget-icon-box\" data-id=\"6dff9f2\" data-element_type=\"widget\" data-widget_type=\"icon-box.default\">\n\t\t\t\t<div class=\"elementor-widget-container\">\n\t\t\t\t\t<div class=\"elementor-icon-box-wrapper\">\n\t\t\t\t\t\t<div class=\"elementor-icon-box-content\">\n\t\t\t\t<h3 class=\"elementor-icon-box-title\">\n\t\t\t\t\t<span  >\n\t\t\t\t\t\tVision\t\t\t\t\t<\/span>\n\t\t\t\t<\/h3>\n\t\t\t\t\t\t\t\t\t<p class=\"elementor-icon-box-description\">\n\t\t\t\t\t\tNuestra visi\u00f3n es convertirnos en una l\u00edder reconocida mundialmente en la prestaci\u00f3n de servicios de marketing y dise\u00f1o web para mejorar la productividad y la solidez empresarial de nuestros clientes.\t\t\t\t\t<\/p>\n\t\t\t\t\t\t\t<\/div>\n\t\t<\/div>\n\t\t\t\t<\/div>\n\t\t\t\t<\/div>\n\t\t\t\t\t<\/div>\n\t\t<\/div>\n\t\t\t\t<div class=\"elementor-column elementor-col-33 elementor-top-column elementor-element elementor-element-237ad17\" data-id=\"237ad17\" data-element_type=\"column\">\n\t\t\t<div class=\"elementor-widget-wrap elementor-element-populated\">\n\t\t\t\t\t\t\t\t<div class=\"elementor-element elementor-element-3649be4 elementor-view-default elementor-vertical-align-top elementor-widget elementor-widget-icon-box\" data-id=\"3649be4\" data-element_type=\"widget\" data-widget_type=\"icon-box.default\">\n\t\t\t\t<div class=\"elementor-widget-container\">\n\t\t\t\t\t<div class=\"elementor-icon-box-wrapper\">\n\t\t\t\t\t\t<div class=\"elementor-icon-box-content\">\n\t\t\t\t<h3 class=\"elementor-icon-box-title\">\n\t\t\t\t\t<span  >\n\t\t\t\t\t\tValores\t\t\t\t\t<\/span>\n\t\t\t\t<\/h3>\n\t\t\t\t\t\t\t\t\t<p class=\"elementor-icon-box-description\">\n\t\t\t\t\t\t\u2022Comprometidos a entregar lo mejor.\n\u2022\tServicios honestos y transparentes.\n\u2022\tCuidamos tu negocio como el nuestro.\n\u2022\tSeguir aprendiendo y adapt\u00e1ndose a las\nnuevas tecnolog\u00edas.\n\t\t\t\t\t<\/p>\n\t\t\t\t\t\t\t<\/div>\n\t\t<\/div>\n\t\t\t\t<\/div>\n\t\t\t\t<\/div>\n\t\t\t\t\t<\/div>\n\t\t<\/div>\n\t\t\t\t\t\t\t<\/div>\n\t\t<\/section>\n\t\t\t\t<section class=\"elementor-section elementor-top-section elementor-element elementor-element-9dd3d73 elementor-section-boxed elementor-section-height-default elementor-section-height-default\" data-id=\"9dd3d73\" data-element_type=\"section\">\n\t\t\t\t\t\t<div class=\"elementor-container elementor-column-gap-default\">\n\t\t\t\t\t<div class=\"elementor-column elementor-col-100 elementor-top-column elementor-element elementor-element-90f33ed\" data-id=\"90f33ed\" data-element_type=\"column\">\n\t\t\t<div class=\"elementor-widget-wrap elementor-element-populated\">\n\t\t\t\t\t\t\t\t<div class=\"elementor-element elementor-element-8ed9207 elementor-widget elementor-widget-heading\" data-id=\"8ed9207\" data-element_type=\"widget\" data-widget_type=\"heading.default\">\n\t\t\t\t<div class=\"elementor-widget-container\">\n\t\t\t<h2 class=\"elementor-heading-title elementor-size-default\">\u00bfPor qu\u00e9 elegirnos?<\/h2>\t\t<\/div>\n\t\t\t\t<\/div>\n\t\t\t\t\t<\/div>\n\t\t<\/div>\n\t\t\t\t\t\t\t<\/div>\n\t\t<\/section>\n\t\t\t\t<section class=\"elementor-section elementor-top-section elementor-element elementor-element-7e545f3 elementor-section-boxed elementor-section-height-default elementor-section-height-default\" data-id=\"7e545f3\" data-element_type=\"section\">\n\t\t\t\t\t\t<div class=\"elementor-container elementor-column-gap-default\">\n\t\t\t\t\t<div class=\"elementor-column elementor-col-50 elementor-top-column elementor-element elementor-element-8445580\" data-id=\"8445580\" data-element_type=\"column\">\n\t\t\t<div class=\"elementor-widget-wrap elementor-element-populated\">\n\t\t\t\t\t\t\t\t<div class=\"elementor-element elementor-element-b34c5d1 elementor-widget elementor-widget-image\" data-id=\"b34c5d1\" data-element_type=\"widget\" data-widget_type=\"image.default\">\n\t\t\t\t<div class=\"elementor-widget-container\">\n\t\t\t\t\t\t\t\t\t\t\t\t\t\t\t<img width=\"1000\" height=\"750\" src=\"https:\/\/pulsarmarketingdigital.com\/wp-content\/uploads\/2022\/12\/Pulsar-Marketing-Digital.jpeg\" class=\"attachment-large size-large wp-image-26663\" alt=\"Pulsar Marketing Digital\" loading=\"lazy\" srcset=\"https:\/\/pulsarmarketingdigital.com\/wp-content\/uploads\/2022\/12\/Pulsar-Marketing-Digital.jpeg 1000w, https:\/\/pulsarmarketingdigital.com\/wp-content\/uploads\/2022\/12\/Pulsar-Marketing-Digital-300x225.jpeg 300w, https:\/\/pulsarmarketingdigital.com\/wp-content\/uploads\/2022\/12\/Pulsar-Marketing-Digital-768x576.jpeg 768w\" sizes=\"(max-width: 1000px) 100vw, 1000px\" \/>\t\t\t\t\t\t\t\t\t\t\t\t\t\t\t<\/div>\n\t\t\t\t<\/div>\n\t\t\t\t\t<\/div>\n\t\t<\/div>\n\t\t\t\t<div class=\"elementor-column elementor-col-50 elementor-top-column elementor-element elementor-element-16a3189\" data-id=\"16a3189\" data-element_type=\"column\">\n\t\t\t<div class=\"elementor-widget-wrap elementor-element-populated\">\n\t\t\t\t\t\t\t\t<div class=\"elementor-element elementor-element-c92f1f0 elementor-widget elementor-widget-text-editor\" data-id=\"c92f1f0\" data-element_type=\"widget\" data-widget_type=\"text-editor.default\">\n\t\t\t\t<div class=\"elementor-widget-container\">\n\t\t\t\t\t\t\t<p>Nos encanta lo que hacemos y, por lo tanto, presentamos las mejores soluciones posibles para ayudarlo a establecerse y crecer en l\u00ednea r\u00e1pidamente. Somos sus socios de confianza en los que puede contar.<\/p><p>\u00a0Tenemos la experiencia y el conocimiento para ofrecer asesoramiento y servicios que sean adecuados a su negocio.<\/p>\t\t\t\t\t\t<\/div>\n\t\t\t\t<\/div>\n\t\t\t\t\t<\/div>\n\t\t<\/div>\n\t\t\t\t\t\t\t<\/div>\n\t\t<\/section>\n\t\t\t\t\t\t\t<\/div>\n\t\t","protected":false},"excerpt":{"rendered":"<p>Agencia de Marketing Digital en M\u00e9xico Somos una empresa Mexicana, dedicada a impulsar a los negocios con Marketing a su medida. Hacemos an\u00e1lisis del sector en el que labora y creamos estrategias optimas para que el crecimiento sea optimo y preciso. Damos asesor\u00eda personalizada. Construyamos juntos un negocio FUERTE&nbsp; \ud83d\udcaa\ud83c\udffb Cuando se conecta con nosotros, &hellip;<\/p>\n<p class=\"read-more\"> <a class=\"\" href=\"https:\/\/pulsarmarketingdigital.com\/?page_id=26631\"> <span class=\"screen-reader-text\">Acerca de nosotros<\/span> Leer m\u00e1s &raquo;<\/a><\/p>\n","protected":false},"author":1,"featured_media":0,"parent":0,"menu_order":0,"comment_status":"closed","ping_status":"closed","template":"","meta":{"om_disable_all_campaigns":false,"_monsterinsights_skip_tracking":false,"_monsterinsights_sitenote_active":false,"_monsterinsights_sitenote_note":"","_monsterinsights_sitenote_category":0,"site-sidebar-layout":"no-sidebar","site-content-layout":"page-builder","ast-global-header-display":"","ast-main-header-display":"","ast-hfb-above-header-display":"","ast-hfb-below-header-display":"","ast-hfb-mobile-header-display":"","site-post-title":"disabled","ast-breadcrumbs-content":"","ast-featured-img":"disabled","footer-sml-layout":"","theme-transparent-header-meta":"","adv-header-id-meta":"","stick-header-meta":"","header-above-stick-meta":"","header-main-stick-meta":"","header-below-stick-meta":""},"aioseo_notices":[],"uagb_featured_image_src":{"full":false,"thumbnail":false,"medium":false,"medium_large":false,"large":false,"1536x1536":false,"2048x2048":false},"uagb_author_info":{"display_name":"maximillianfer@gmail.com","author_link":"https:\/\/pulsarmarketingdigital.com\/?author=1"},"uagb_comment_info":0,"uagb_excerpt":"Agencia de Marketing Digital en M\u00e9xico Somos una empresa Mexicana, dedicada a impulsar a los negocios con Marketing a su medida. Hacemos an\u00e1lisis del sector en el que labora y creamos estrategias optimas para que el crecimiento sea optimo y preciso. Damos asesor\u00eda personalizada. Construyamos juntos un negocio FUERTE&nbsp; \ud83d\udcaa\ud83c\udffb Cuando se conecta con nosotros,&hellip;","_links":{"self":[{"href":"https:\/\/pulsarmarketingdigital.com\/index.php?rest_route=\/wp\/v2\/pages\/26631"}],"collection":[{"href":"https:\/\/pulsarmarketingdigital.com\/index.php?rest_route=\/wp\/v2\/pages"}],"about":[{"href":"https:\/\/pulsarmarketingdigital.com\/index.php?rest_route=\/wp\/v2\/types\/page"}],"author":[{"embeddable":true,"href":"https:\/\/pulsarmarketingdigital.com\/index.php?rest_route=\/wp\/v2\/users\/1"}],"replies":[{"embeddable":true,"href":"https:\/\/pulsarmarketingdigital.com\/index.php?rest_route=%2Fwp%2Fv2%2Fcomments&post=26631"}],"version-history":[{"count":14,"href":"https:\/\/pulsarmarketingdigital.com\/index.php?rest_route=\/wp\/v2\/pages\/26631\/revisions"}],"predecessor-version":[{"id":26696,"href":"https:\/\/pulsarmarketingdigital.com\/index.php?rest_route=\/wp\/v2\/pages\/26631\/revisions\/26696"}],"wp:attachment":[{"href":"https:\/\/pulsarmarketingdigital.com\/index.php?rest_route=%2Fwp%2Fv2%2Fmedia&parent=26631"}],"curies":[{"name":"wp","href":"https:\/\/api.w.org\/{rel}","templated":true}]}}