{"id":26670,"date":"2022-12-19T19:35:19","date_gmt":"2022-12-19T19:35:19","guid":{"rendered":"https:\/\/pulsarmarketingdigital.com\/?page_id=26670"},"modified":"2022-12-19T20:02:54","modified_gmt":"2022-12-19T20:02:54","slug":"todos-los-servicios","status":"publish","type":"page","link":"https:\/\/pulsarmarketingdigital.com\/?page_id=26670","title":{"rendered":"Todos los Servicios"},"content":{"rendered":"\t\t<div data-elementor-type=\"wp-page\" data-elementor-id=\"26670\" class=\"elementor elementor-26670\">\n\t\t\t\t\t\t\t\t\t<section class=\"elementor-section elementor-top-section elementor-element elementor-element-5ba4e2d elementor-section-boxed elementor-section-height-default elementor-section-height-default\" data-id=\"5ba4e2d\" data-element_type=\"section\">\n\t\t\t\t\t\t<div class=\"elementor-container elementor-column-gap-default\">\n\t\t\t\t\t<div class=\"elementor-column elementor-col-100 elementor-top-column elementor-element elementor-element-9eceed1\" data-id=\"9eceed1\" data-element_type=\"column\">\n\t\t\t<div class=\"elementor-widget-wrap elementor-element-populated\">\n\t\t\t\t\t\t\t\t<div class=\"elementor-element elementor-element-7e29d41 elementor-widget elementor-widget-heading\" data-id=\"7e29d41\" data-element_type=\"widget\" data-widget_type=\"heading.default\">\n\t\t\t\t<div class=\"elementor-widget-container\">\n\t\t\t<style>\/*! elementor - v3.11.1 - 15-02-2023 *\/\n.elementor-heading-title{padding:0;margin:0;line-height:1}.elementor-widget-heading .elementor-heading-title[class*=elementor-size-]>a{color:inherit;font-size:inherit;line-height:inherit}.elementor-widget-heading .elementor-heading-title.elementor-size-small{font-size:15px}.elementor-widget-heading .elementor-heading-title.elementor-size-medium{font-size:19px}.elementor-widget-heading .elementor-heading-title.elementor-size-large{font-size:29px}.elementor-widget-heading .elementor-heading-title.elementor-size-xl{font-size:39px}.elementor-widget-heading .elementor-heading-title.elementor-size-xxl{font-size:59px}<\/style><h2 class=\"elementor-heading-title elementor-size-default\">Agencia de Marketing Digital en Guadalajara 2022<\/h2>\t\t<\/div>\n\t\t\t\t<\/div>\n\t\t\t\t\t<\/div>\n\t\t<\/div>\n\t\t\t\t\t\t\t<\/div>\n\t\t<\/section>\n\t\t\t\t<section class=\"elementor-section elementor-top-section elementor-element elementor-element-0d15fa1 elementor-section-boxed elementor-section-height-default elementor-section-height-default\" data-id=\"0d15fa1\" data-element_type=\"section\">\n\t\t\t\t\t\t<div class=\"elementor-container elementor-column-gap-default\">\n\t\t\t\t\t<div class=\"elementor-column elementor-col-66 elementor-top-column elementor-element elementor-element-c2ffda6\" data-id=\"c2ffda6\" data-element_type=\"column\">\n\t\t\t<div class=\"elementor-widget-wrap elementor-element-populated\">\n\t\t\t\t\t\t\t\t<div class=\"elementor-element elementor-element-6428574 elementor-widget elementor-widget-text-editor\" data-id=\"6428574\" data-element_type=\"widget\" data-widget_type=\"text-editor.default\">\n\t\t\t\t<div class=\"elementor-widget-container\">\n\t\t\t<style>\/*! elementor - v3.11.1 - 15-02-2023 *\/\n.elementor-widget-text-editor.elementor-drop-cap-view-stacked .elementor-drop-cap{background-color:#818a91;color:#fff}.elementor-widget-text-editor.elementor-drop-cap-view-framed .elementor-drop-cap{color:#818a91;border:3px solid;background-color:transparent}.elementor-widget-text-editor:not(.elementor-drop-cap-view-default) .elementor-drop-cap{margin-top:8px}.elementor-widget-text-editor:not(.elementor-drop-cap-view-default) .elementor-drop-cap-letter{width:1em;height:1em}.elementor-widget-text-editor .elementor-drop-cap{float:left;text-align:center;line-height:1;font-size:50px}.elementor-widget-text-editor .elementor-drop-cap-letter{display:inline-block}<\/style>\t\t\t\t<p><strong>AS\u00cd COMO NOS ENCONTRASTE, TE ENCONTRARAN<\/strong><br \/><strong>Impulsamos tu negocio<\/strong><\/p><p>Nuestros Servicios:<\/p><ul><li>Creaci\u00f3n de paginas web.<\/li><li>Creaci\u00f3n de Ecommerce.<\/li><li>Alta en Google My Business.<\/li><li>Creaci\u00f3n de men\u00fas digitales.<\/li><li>Optimizaci\u00f3n SEO.<\/li><li>Manejo de Redes Sociales.<\/li><li>Publicidad econ\u00f3mica y efectiva.<\/li><\/ul><p>Somos una empresa Mexicana, dedicada a impulsar a los negocios con Marketing a su medida.<br \/>Hacemos an\u00e1lisis del sector en el que labora y creamos estrategias optimas para que el crecimiento sea optimo y preciso.<br \/>Damos asesor\u00eda personalizada.<\/p>\t\t\t\t\t\t<\/div>\n\t\t\t\t<\/div>\n\t\t\t\t\t<\/div>\n\t\t<\/div>\n\t\t\t\t<div class=\"elementor-column elementor-col-33 elementor-top-column elementor-element elementor-element-2f1c297\" data-id=\"2f1c297\" data-element_type=\"column\">\n\t\t\t<div class=\"elementor-widget-wrap elementor-element-populated\">\n\t\t\t\t\t\t\t\t<div class=\"elementor-element elementor-element-09ce53f elementor-widget elementor-widget-image\" data-id=\"09ce53f\" data-element_type=\"widget\" data-widget_type=\"image.default\">\n\t\t\t\t<div class=\"elementor-widget-container\">\n\t\t\t<style>\/*! elementor - v3.11.1 - 15-02-2023 *\/\n.elementor-widget-image{text-align:center}.elementor-widget-image a{display:inline-block}.elementor-widget-image a img[src$=\".svg\"]{width:48px}.elementor-widget-image img{vertical-align:middle;display:inline-block}<\/style>\t\t\t\t\t\t\t\t\t\t\t\t<img width=\"244\" height=\"436\" src=\"https:\/\/pulsarmarketingdigital.com\/wp-content\/uploads\/2022\/12\/Agencia-Marketing-Digital-Guadalajara.png\" class=\"attachment-large size-large wp-image-26683\" alt=\"\" loading=\"lazy\" srcset=\"https:\/\/pulsarmarketingdigital.com\/wp-content\/uploads\/2022\/12\/Agencia-Marketing-Digital-Guadalajara.png 244w, https:\/\/pulsarmarketingdigital.com\/wp-content\/uploads\/2022\/12\/Agencia-Marketing-Digital-Guadalajara-168x300.png 168w\" sizes=\"(max-width: 244px) 100vw, 244px\" \/>\t\t\t\t\t\t\t\t\t\t\t\t\t\t\t<\/div>\n\t\t\t\t<\/div>\n\t\t\t\t\t<\/div>\n\t\t<\/div>\n\t\t\t\t\t\t\t<\/div>\n\t\t<\/section>\n\t\t\t\t<section class=\"elementor-section elementor-top-section elementor-element elementor-element-75c9315 elementor-section-boxed elementor-section-height-default elementor-section-height-default elementor-invisible\" data-id=\"75c9315\" data-element_type=\"section\" data-settings=\"{&quot;animation&quot;:&quot;slideInDown&quot;}\">\n\t\t\t\t\t\t<div class=\"elementor-container elementor-column-gap-default\">\n\t\t\t\t\t<div class=\"elementor-column elementor-col-50 elementor-top-column elementor-element elementor-element-94c98bb\" data-id=\"94c98bb\" data-element_type=\"column\">\n\t\t\t<div class=\"elementor-widget-wrap elementor-element-populated\">\n\t\t\t\t\t\t\t\t<div class=\"elementor-element elementor-element-b7a7b17 elementor-widget elementor-widget-image\" data-id=\"b7a7b17\" data-element_type=\"widget\" data-widget_type=\"image.default\">\n\t\t\t\t<div class=\"elementor-widget-container\">\n\t\t\t\t\t\t\t\t\t\t\t\t\t\t\t<img width=\"960\" height=\"641\" src=\"https:\/\/pulsarmarketingdigital.com\/wp-content\/uploads\/2022\/12\/search-engine-optimization.jpg\" class=\"attachment-large size-large wp-image-26676\" alt=\"search-engine-optimization\" loading=\"lazy\" srcset=\"https:\/\/pulsarmarketingdigital.com\/wp-content\/uploads\/2022\/12\/search-engine-optimization.jpg 960w, https:\/\/pulsarmarketingdigital.com\/wp-content\/uploads\/2022\/12\/search-engine-optimization-300x200.jpg 300w, https:\/\/pulsarmarketingdigital.com\/wp-content\/uploads\/2022\/12\/search-engine-optimization-768x513.jpg 768w\" sizes=\"(max-width: 960px) 100vw, 960px\" \/>\t\t\t\t\t\t\t\t\t\t\t\t\t\t\t<\/div>\n\t\t\t\t<\/div>\n\t\t\t\t\t<\/div>\n\t\t<\/div>\n\t\t\t\t<div class=\"elementor-column elementor-col-50 elementor-top-column elementor-element elementor-element-2998b55\" data-id=\"2998b55\" data-element_type=\"column\">\n\t\t\t<div class=\"elementor-widget-wrap elementor-element-populated\">\n\t\t\t\t\t\t\t\t<div class=\"elementor-element elementor-element-6f13e82 elementor-widget elementor-widget-heading\" data-id=\"6f13e82\" data-element_type=\"widget\" data-widget_type=\"heading.default\">\n\t\t\t\t<div class=\"elementor-widget-container\">\n\t\t\t<h2 class=\"elementor-heading-title elementor-size-default\">Expertos en posicionamiento SEO<\/h2>\t\t<\/div>\n\t\t\t\t<\/div>\n\t\t\t\t<div class=\"elementor-element elementor-element-9943782 elementor-widget elementor-widget-text-editor\" data-id=\"9943782\" data-element_type=\"widget\" data-widget_type=\"text-editor.default\">\n\t\t\t\t<div class=\"elementor-widget-container\">\n\t\t\t\t\t\t\t<p>Te ayudamos a crear una estrategia eficaz para que tu pagina web este en los primeros lugares de tu sector.<br \/>Buscando palabras clave de oportunidad y usando las mas nuevas tecnolog\u00edas para un optimo desempe\u00f1o.<br \/>Analizaremos:<\/p><ul><li>Tu negocio.<\/li><li>Realizaremos un an\u00e1lisis de tu competencia.<\/li><li>Auditoria 360 de tu sitio web o<\/li><li>Ecommerce.<\/li><li>Palabras clave de oportunidad.<\/li><li>Creaci\u00f3n de contenido transaccional.<\/li><li>UX \/ UI de tu sitio.<\/li><li>Velocidad de carga.<\/li><li>An\u00e1lisis de Link externos e internos en tu sitio.<\/li><li>Optimizaci\u00f3n de im\u00e1genes y textos.<\/li><\/ul>\t\t\t\t\t\t<\/div>\n\t\t\t\t<\/div>\n\t\t\t\t\t<\/div>\n\t\t<\/div>\n\t\t\t\t\t\t\t<\/div>\n\t\t<\/section>\n\t\t\t\t<section class=\"elementor-section elementor-top-section elementor-element elementor-element-bd05d39 elementor-section-boxed elementor-section-height-default elementor-section-height-default elementor-invisible\" data-id=\"bd05d39\" data-element_type=\"section\" data-settings=\"{&quot;animation&quot;:&quot;slideInUp&quot;}\">\n\t\t\t\t\t\t<div class=\"elementor-container elementor-column-gap-default\">\n\t\t\t\t\t<div class=\"elementor-column elementor-col-50 elementor-top-column elementor-element elementor-element-6963d89\" data-id=\"6963d89\" data-element_type=\"column\">\n\t\t\t<div class=\"elementor-widget-wrap elementor-element-populated\">\n\t\t\t\t\t\t\t\t<div class=\"elementor-element elementor-element-67012d1 elementor-widget elementor-widget-heading\" data-id=\"67012d1\" data-element_type=\"widget\" data-widget_type=\"heading.default\">\n\t\t\t\t<div class=\"elementor-widget-container\">\n\t\t\t<h2 class=\"elementor-heading-title elementor-size-default\">Backlinks de calidad 2022<\/h2>\t\t<\/div>\n\t\t\t\t<\/div>\n\t\t\t\t<div class=\"elementor-element elementor-element-7d6946c elementor-widget elementor-widget-text-editor\" data-id=\"7d6946c\" data-element_type=\"widget\" data-widget_type=\"text-editor.default\">\n\t\t\t\t<div class=\"elementor-widget-container\">\n\t\t\t\t\t\t\t<p>Consigue Backlinks aqu\u00ed con Nosotros con un plan de Publicidad economica y efectiva.<\/p><p>Aqu\u00ed en Pulsar Marketing Digital Impulsamos tu negocio, ya que por solo $ 499 al a\u00f1o (Pesos MXN) obtendr\u00e1s un espacio de tu producto o servicio en la pagina MI BAZAR donde obtendr\u00e1s aparte del backlink, una pagina dedicada a tu negocio.<br \/>\u00a0<br \/>4 en 1<br \/>Al contratar nuestro servicio obtendr\u00e1s:<br \/>1- Pagina dedicada a tu negocio VER EJEMPLO<br \/>2- Post en el Facebook Mi Bazar<br \/>3- Post en el Instagram Mi Bazar<br \/>4- Post en el Pinterest Mi Bazar <br \/>Con un publico en crecimiento con la nueva tecnolog\u00eda de ventas por comercio electr\u00f3nico. Es importanticimo tener un sitio con una buena calidad SEO.<\/p><p>Que esperas, contactanos \u00a1para hacer crecer tu negocio!<\/p>\t\t\t\t\t\t<\/div>\n\t\t\t\t<\/div>\n\t\t\t\t\t<\/div>\n\t\t<\/div>\n\t\t\t\t<div class=\"elementor-column elementor-col-50 elementor-top-column elementor-element elementor-element-b509eda\" data-id=\"b509eda\" data-element_type=\"column\">\n\t\t\t<div class=\"elementor-widget-wrap elementor-element-populated\">\n\t\t\t\t\t\t\t\t<div class=\"elementor-element elementor-element-7623ad8 elementor-widget elementor-widget-image\" data-id=\"7623ad8\" data-element_type=\"widget\" data-widget_type=\"image.default\">\n\t\t\t\t<div class=\"elementor-widget-container\">\n\t\t\t\t\t\t\t\t\t\t\t\t\t\t\t<img width=\"700\" height=\"500\" src=\"https:\/\/pulsarmarketingdigital.com\/wp-content\/uploads\/2022\/12\/image3-5.png\" class=\"attachment-large size-large wp-image-26689\" alt=\"Backlinks de calidad 2023\" loading=\"lazy\" srcset=\"https:\/\/pulsarmarketingdigital.com\/wp-content\/uploads\/2022\/12\/image3-5.png 700w, https:\/\/pulsarmarketingdigital.com\/wp-content\/uploads\/2022\/12\/image3-5-300x214.png 300w\" sizes=\"(max-width: 700px) 100vw, 700px\" \/>\t\t\t\t\t\t\t\t\t\t\t\t\t\t\t<\/div>\n\t\t\t\t<\/div>\n\t\t\t\t\t<\/div>\n\t\t<\/div>\n\t\t\t\t\t\t\t<\/div>\n\t\t<\/section>\n\t\t\t\t\t\t\t<\/div>\n\t\t","protected":false},"excerpt":{"rendered":"<p>Agencia de Marketing Digital en Guadalajara 2022 AS\u00cd COMO NOS ENCONTRASTE, TE ENCONTRARANImpulsamos tu negocio Nuestros Servicios: Creaci\u00f3n de paginas web. Creaci\u00f3n de Ecommerce. Alta en Google My Business. Creaci\u00f3n de men\u00fas digitales. Optimizaci\u00f3n SEO. Manejo de Redes Sociales. Publicidad econ\u00f3mica y efectiva. Somos una empresa Mexicana, dedicada a impulsar a los negocios con Marketing &hellip;<\/p>\n<p class=\"read-more\"> <a class=\"\" href=\"https:\/\/pulsarmarketingdigital.com\/?page_id=26670\"> <span class=\"screen-reader-text\">Todos los Servicios<\/span> Leer m\u00e1s &raquo;<\/a><\/p>\n","protected":false},"author":1,"featured_media":0,"parent":0,"menu_order":0,"comment_status":"closed","ping_status":"closed","template":"","meta":{"om_disable_all_campaigns":false,"_monsterinsights_skip_tracking":false,"_monsterinsights_sitenote_active":false,"_monsterinsights_sitenote_note":"","_monsterinsights_sitenote_category":0,"site-sidebar-layout":"no-sidebar","site-content-layout":"page-builder","ast-global-header-display":"","ast-main-header-display":"","ast-hfb-above-header-display":"","ast-hfb-below-header-display":"","ast-hfb-mobile-header-display":"","site-post-title":"disabled","ast-breadcrumbs-content":"","ast-featured-img":"disabled","footer-sml-layout":"","theme-transparent-header-meta":"","adv-header-id-meta":"","stick-header-meta":"","header-above-stick-meta":"","header-main-stick-meta":"","header-below-stick-meta":""},"aioseo_notices":[],"uagb_featured_image_src":{"full":false,"thumbnail":false,"medium":false,"medium_large":false,"large":false,"1536x1536":false,"2048x2048":false},"uagb_author_info":{"display_name":"maximillianfer@gmail.com","author_link":"https:\/\/pulsarmarketingdigital.com\/?author=1"},"uagb_comment_info":0,"uagb_excerpt":"Agencia de Marketing Digital en Guadalajara 2022 AS\u00cd COMO NOS ENCONTRASTE, TE ENCONTRARANImpulsamos tu negocio Nuestros Servicios: Creaci\u00f3n de paginas web. Creaci\u00f3n de Ecommerce. Alta en Google My Business. Creaci\u00f3n de men\u00fas digitales. Optimizaci\u00f3n SEO. Manejo de Redes Sociales. Publicidad econ\u00f3mica y efectiva. Somos una empresa Mexicana, dedicada a impulsar a los negocios con Marketing&hellip;","_links":{"self":[{"href":"https:\/\/pulsarmarketingdigital.com\/index.php?rest_route=\/wp\/v2\/pages\/26670"}],"collection":[{"href":"https:\/\/pulsarmarketingdigital.com\/index.php?rest_route=\/wp\/v2\/pages"}],"about":[{"href":"https:\/\/pulsarmarketingdigital.com\/index.php?rest_route=\/wp\/v2\/types\/page"}],"author":[{"embeddable":true,"href":"https:\/\/pulsarmarketingdigital.com\/index.php?rest_route=\/wp\/v2\/users\/1"}],"replies":[{"embeddable":true,"href":"https:\/\/pulsarmarketingdigital.com\/index.php?rest_route=%2Fwp%2Fv2%2Fcomments&post=26670"}],"version-history":[{"count":16,"href":"https:\/\/pulsarmarketingdigital.com\/index.php?rest_route=\/wp\/v2\/pages\/26670\/revisions"}],"predecessor-version":[{"id":26692,"href":"https:\/\/pulsarmarketingdigital.com\/index.php?rest_route=\/wp\/v2\/pages\/26670\/revisions\/26692"}],"wp:attachment":[{"href":"https:\/\/pulsarmarketingdigital.com\/index.php?rest_route=%2Fwp%2Fv2%2Fmedia&parent=26670"}],"curies":[{"name":"wp","href":"https:\/\/api.w.org\/{rel}","templated":true}]}}