{"id":26717,"date":"2022-12-28T22:51:15","date_gmt":"2022-12-28T22:51:15","guid":{"rendered":"https:\/\/pulsarmarketingdigital.com\/?page_id=26717"},"modified":"2022-12-29T17:15:37","modified_gmt":"2022-12-29T17:15:37","slug":"paginas-web-super-economicas","status":"publish","type":"page","link":"https:\/\/pulsarmarketingdigital.com\/?page_id=26717","title":{"rendered":"Paginas Web S\u00faper Econ\u00f3micas"},"content":{"rendered":"\t\t<div data-elementor-type=\"wp-page\" data-elementor-id=\"26717\" class=\"elementor elementor-26717\">\n\t\t\t\t\t\t\t\t\t<section class=\"elementor-section elementor-top-section elementor-element elementor-element-7ce6fa2 elementor-section-boxed elementor-section-height-default elementor-section-height-default\" data-id=\"7ce6fa2\" data-element_type=\"section\">\n\t\t\t\t\t\t<div class=\"elementor-container elementor-column-gap-default\">\n\t\t\t\t\t<div class=\"elementor-column elementor-col-100 elementor-top-column elementor-element elementor-element-100eee6\" data-id=\"100eee6\" data-element_type=\"column\">\n\t\t\t<div class=\"elementor-widget-wrap elementor-element-populated\">\n\t\t\t\t\t\t\t\t<div class=\"elementor-element elementor-element-9ebdb0a elementor-widget elementor-widget-heading\" data-id=\"9ebdb0a\" data-element_type=\"widget\" data-widget_type=\"heading.default\">\n\t\t\t\t<div class=\"elementor-widget-container\">\n\t\t\t<style>\/*! elementor - v3.11.1 - 15-02-2023 *\/\n.elementor-heading-title{padding:0;margin:0;line-height:1}.elementor-widget-heading .elementor-heading-title[class*=elementor-size-]>a{color:inherit;font-size:inherit;line-height:inherit}.elementor-widget-heading .elementor-heading-title.elementor-size-small{font-size:15px}.elementor-widget-heading .elementor-heading-title.elementor-size-medium{font-size:19px}.elementor-widget-heading .elementor-heading-title.elementor-size-large{font-size:29px}.elementor-widget-heading .elementor-heading-title.elementor-size-xl{font-size:39px}.elementor-widget-heading .elementor-heading-title.elementor-size-xxl{font-size:59px}<\/style><h2 class=\"elementor-heading-title elementor-size-default\">Paginas Web S\u00faper Econ\u00f3micas<\/h2>\t\t<\/div>\n\t\t\t\t<\/div>\n\t\t\t\t\t<\/div>\n\t\t<\/div>\n\t\t\t\t\t\t\t<\/div>\n\t\t<\/section>\n\t\t\t\t<section class=\"elementor-section elementor-top-section elementor-element elementor-element-497289d elementor-section-boxed elementor-section-height-default elementor-section-height-default\" data-id=\"497289d\" data-element_type=\"section\">\n\t\t\t\t\t\t<div class=\"elementor-container elementor-column-gap-default\">\n\t\t\t\t\t<div class=\"elementor-column elementor-col-100 elementor-top-column elementor-element elementor-element-4998542\" data-id=\"4998542\" data-element_type=\"column\">\n\t\t\t<div class=\"elementor-widget-wrap elementor-element-populated\">\n\t\t\t\t\t\t\t\t<div class=\"elementor-element elementor-element-fcc78ed elementor-widget elementor-widget-image\" data-id=\"fcc78ed\" data-element_type=\"widget\" data-widget_type=\"image.default\">\n\t\t\t\t<div class=\"elementor-widget-container\">\n\t\t\t<style>\/*! elementor - v3.11.1 - 15-02-2023 *\/\n.elementor-widget-image{text-align:center}.elementor-widget-image a{display:inline-block}.elementor-widget-image a img[src$=\".svg\"]{width:48px}.elementor-widget-image img{vertical-align:middle;display:inline-block}<\/style>\t\t\t\t\t\t\t\t\t\t\t\t<img width=\"768\" height=\"384\" src=\"https:\/\/pulsarmarketingdigital.com\/wp-content\/uploads\/2022\/12\/banner-agencia-marketing-internet-negocio-digital_107791-2448-768x384.png\" class=\"attachment-medium_large size-medium_large wp-image-26743\" alt=\"Dise\u00f1o paginas web economicas\" loading=\"lazy\" srcset=\"https:\/\/pulsarmarketingdigital.com\/wp-content\/uploads\/2022\/12\/banner-agencia-marketing-internet-negocio-digital_107791-2448-768x384.png 768w, https:\/\/pulsarmarketingdigital.com\/wp-content\/uploads\/2022\/12\/banner-agencia-marketing-internet-negocio-digital_107791-2448-300x150.png 300w, https:\/\/pulsarmarketingdigital.com\/wp-content\/uploads\/2022\/12\/banner-agencia-marketing-internet-negocio-digital_107791-2448-1024x512.png 1024w, https:\/\/pulsarmarketingdigital.com\/wp-content\/uploads\/2022\/12\/banner-agencia-marketing-internet-negocio-digital_107791-2448.png 1380w\" sizes=\"(max-width: 768px) 100vw, 768px\" \/>\t\t\t\t\t\t\t\t\t\t\t\t\t\t\t<\/div>\n\t\t\t\t<\/div>\n\t\t\t\t\t<\/div>\n\t\t<\/div>\n\t\t\t\t\t\t\t<\/div>\n\t\t<\/section>\n\t\t\t\t<section class=\"elementor-section elementor-top-section elementor-element elementor-element-313ee1e elementor-section-boxed elementor-section-height-default elementor-section-height-default\" data-id=\"313ee1e\" data-element_type=\"section\">\n\t\t\t\t\t\t<div class=\"elementor-container elementor-column-gap-default\">\n\t\t\t\t\t<div class=\"elementor-column elementor-col-50 elementor-top-column elementor-element elementor-element-5864329\" data-id=\"5864329\" data-element_type=\"column\">\n\t\t\t<div class=\"elementor-widget-wrap elementor-element-populated\">\n\t\t\t\t\t\t\t\t<div class=\"elementor-element elementor-element-e073083 elementor-widget elementor-widget-text-editor\" data-id=\"e073083\" data-element_type=\"widget\" data-widget_type=\"text-editor.default\">\n\t\t\t\t<div class=\"elementor-widget-container\">\n\t\t\t<style>\/*! elementor - v3.11.1 - 15-02-2023 *\/\n.elementor-widget-text-editor.elementor-drop-cap-view-stacked .elementor-drop-cap{background-color:#818a91;color:#fff}.elementor-widget-text-editor.elementor-drop-cap-view-framed .elementor-drop-cap{color:#818a91;border:3px solid;background-color:transparent}.elementor-widget-text-editor:not(.elementor-drop-cap-view-default) .elementor-drop-cap{margin-top:8px}.elementor-widget-text-editor:not(.elementor-drop-cap-view-default) .elementor-drop-cap-letter{width:1em;height:1em}.elementor-widget-text-editor .elementor-drop-cap{float:left;text-align:center;line-height:1;font-size:50px}.elementor-widget-text-editor .elementor-drop-cap-letter{display:inline-block}<\/style>\t\t\t\t<ul><li><strong>El DISE\u00d1O DE LA PAGINA CONTIENE<\/strong><\/li><li>Propuesta de Dise\u00f1o con 1 secci\u00f3n de informaci\u00f3n<\/li><li>Mapa de ubicaci\u00f3n con Google Maps<\/li><li>Conexi\u00f3n a tus Redes Sociales<\/li><li>Dominio Gen\u00e9rico (tunombre-blogspot.com)<\/li><li>Asesor\u00eda profesional<\/li><li>Soporte t\u00e9cnico<\/li><li>Tiempo de Entrega: 5 d\u00edas<\/li><li>Dise\u00f1o responsivo para Celulares y Tablets<\/li><li>Bot\u00f3n chat Whatsapp<\/li><li>*Se puede adquirir dominio para el sitio, con costo extra<\/li><\/ul>\t\t\t\t\t\t<\/div>\n\t\t\t\t<\/div>\n\t\t\t\t<div class=\"elementor-element elementor-element-63eb31b elementor-widget elementor-widget-heading\" data-id=\"63eb31b\" data-element_type=\"widget\" data-widget_type=\"heading.default\">\n\t\t\t\t<div class=\"elementor-widget-container\">\n\t\t\t<h2 class=\"elementor-heading-title elementor-size-default\">Ver paginas de Muestra<\/h2>\t\t<\/div>\n\t\t\t\t<\/div>\n\t\t\t\t<div class=\"elementor-element elementor-element-418a0e0 elementor-button-danger elementor-align-center elementor-widget elementor-widget-button\" data-id=\"418a0e0\" data-element_type=\"widget\" data-widget_type=\"button.default\">\n\t\t\t\t<div class=\"elementor-widget-container\">\n\t\t\t\t\t<div class=\"elementor-button-wrapper\">\n\t\t\t<a href=\"https:\/\/lachumbala.blogspot.com\/\" class=\"elementor-button-link elementor-button elementor-size-sm\" role=\"button\">\n\t\t\t\t\t\t<span class=\"elementor-button-content-wrapper\">\n\t\t\t\t\t\t<span class=\"elementor-button-text\">Muestra 1<\/span>\n\t\t<\/span>\n\t\t\t\t\t<\/a>\n\t\t<\/div>\n\t\t\t\t<\/div>\n\t\t\t\t<\/div>\n\t\t\t\t<div class=\"elementor-element elementor-element-228140b elementor-button-danger elementor-align-center elementor-widget elementor-widget-button\" data-id=\"228140b\" data-element_type=\"widget\" data-widget_type=\"button.default\">\n\t\t\t\t<div class=\"elementor-widget-container\">\n\t\t\t\t\t<div class=\"elementor-button-wrapper\">\n\t\t\t<a href=\"https:\/\/pulsarmarketingdigital.blogspot.com\/\" target=\"_blank\" class=\"elementor-button-link elementor-button elementor-size-sm\" role=\"button\">\n\t\t\t\t\t\t<span class=\"elementor-button-content-wrapper\">\n\t\t\t\t\t\t<span class=\"elementor-button-text\">Muestra 2<\/span>\n\t\t<\/span>\n\t\t\t\t\t<\/a>\n\t\t<\/div>\n\t\t\t\t<\/div>\n\t\t\t\t<\/div>\n\t\t\t\t\t<\/div>\n\t\t<\/div>\n\t\t\t\t<div class=\"elementor-column elementor-col-50 elementor-top-column elementor-element elementor-element-59bd115\" data-id=\"59bd115\" data-element_type=\"column\">\n\t\t\t<div class=\"elementor-widget-wrap elementor-element-populated\">\n\t\t\t\t\t\t\t\t<div class=\"elementor-element elementor-element-4a5c97b elementor-widget elementor-widget-image\" data-id=\"4a5c97b\" data-element_type=\"widget\" data-widget_type=\"image.default\">\n\t\t\t\t<div class=\"elementor-widget-container\">\n\t\t\t\t\t\t\t\t\t\t\t\t\t\t\t<img width=\"308\" height=\"354\" src=\"https:\/\/pulsarmarketingdigital.com\/wp-content\/uploads\/2022\/12\/Infinity-Blogger-Template-1.png\" class=\"attachment-large size-large wp-image-26739\" alt=\"Infinity-Blogger-Template-1\" loading=\"lazy\" srcset=\"https:\/\/pulsarmarketingdigital.com\/wp-content\/uploads\/2022\/12\/Infinity-Blogger-Template-1.png 308w, https:\/\/pulsarmarketingdigital.com\/wp-content\/uploads\/2022\/12\/Infinity-Blogger-Template-1-261x300.png 261w\" sizes=\"(max-width: 308px) 100vw, 308px\" \/>\t\t\t\t\t\t\t\t\t\t\t\t\t\t\t<\/div>\n\t\t\t\t<\/div>\n\t\t\t\t\t<\/div>\n\t\t<\/div>\n\t\t\t\t\t\t\t<\/div>\n\t\t<\/section>\n\t\t\t\t<section class=\"elementor-section elementor-top-section elementor-element elementor-element-eirhwm4 elementor-section-boxed elementor-section-height-default elementor-section-height-default\" data-id=\"eirhwm4\" data-element_type=\"section\" data-settings=\"{&quot;background_background&quot;:&quot;classic&quot;}\">\n\t\t\t\t\t\t<div class=\"elementor-container elementor-column-gap-no\">\n\t\t\t\t\t<div class=\"elementor-column elementor-col-50 elementor-top-column elementor-element elementor-element-5160ef2\" data-id=\"5160ef2\" data-element_type=\"column\">\n\t\t\t<div class=\"elementor-widget-wrap elementor-element-populated\">\n\t\t\t\t\t\t\t\t<div class=\"elementor-element elementor-element-3e0bbe1 elementor-widget elementor-widget-heading\" data-id=\"3e0bbe1\" data-element_type=\"widget\" data-widget_type=\"heading.default\">\n\t\t\t\t<div class=\"elementor-widget-container\">\n\t\t\t<h5 class=\"elementor-heading-title elementor-size-default\">\u00bfTienes alguna duda?<\/h5>\t\t<\/div>\n\t\t\t\t<\/div>\n\t\t\t\t<div class=\"elementor-element elementor-element-6164241 elementor-widget elementor-widget-heading\" data-id=\"6164241\" data-element_type=\"widget\" data-widget_type=\"heading.default\">\n\t\t\t\t<div class=\"elementor-widget-container\">\n\t\t\t<h2 class=\"elementor-heading-title elementor-size-default\">Pide tu cotizaci\u00f3n<\/h2>\t\t<\/div>\n\t\t\t\t<\/div>\n\t\t\t\t\t<\/div>\n\t\t<\/div>\n\t\t\t\t<div class=\"elementor-column elementor-col-50 elementor-top-column elementor-element elementor-element-7a070be\" data-id=\"7a070be\" data-element_type=\"column\">\n\t\t\t<div class=\"elementor-widget-wrap elementor-element-populated\">\n\t\t\t\t\t\t\t\t<div class=\"elementor-element elementor-element-90b0380 elementor-widget elementor-widget-wpforms\" data-id=\"90b0380\" data-element_type=\"widget\" data-widget_type=\"wpforms.default\">\n\t\t\t\t<div class=\"elementor-widget-container\">\n\t\t\t<div class=\"wpforms-container \" id=\"wpforms-26487\"><form id=\"wpforms-form-26487\" class=\"wpforms-validate wpforms-form wpforms-ajax-form\" data-formid=\"26487\" method=\"post\" enctype=\"multipart\/form-data\" action=\"\/index.php?rest_route=%2Fwp%2Fv2%2Fpages%2F26717\" data-token=\"f95d508c9ae0e82daf030470a5ad7039\"><noscript class=\"wpforms-error-noscript\">Por favor, activa JavaScript en tu navegador para completar este formulario.<\/noscript><div class=\"wpforms-field-container\"><div id=\"wpforms-26487-field_1-container\" class=\"wpforms-field wpforms-field-text\" data-field-id=\"1\"><label class=\"wpforms-field-label wpforms-label-hide\" for=\"wpforms-26487-field_1\">Nombre<\/label><input type=\"text\" id=\"wpforms-26487-field_1\" class=\"wpforms-field-medium\" name=\"wpforms[fields][1]\" placeholder=\"Nombre\" ><\/div><div id=\"wpforms-26487-field_2-container\" class=\"wpforms-field wpforms-field-email\" data-field-id=\"2\"><label class=\"wpforms-field-label wpforms-label-hide\" for=\"wpforms-26487-field_2\">Correo Electronico <span class=\"wpforms-required-label\">*<\/span><\/label><input type=\"email\" id=\"wpforms-26487-field_2\" class=\"wpforms-field-medium wpforms-field-required\" name=\"wpforms[fields][2]\" placeholder=\"Email\" required><\/div><div id=\"wpforms-26487-field_3-container\" class=\"wpforms-field wpforms-field-textarea\" data-field-id=\"3\"><label class=\"wpforms-field-label wpforms-label-hide\" for=\"wpforms-26487-field_3\">Mensaje<\/label><textarea id=\"wpforms-26487-field_3\" class=\"wpforms-field-medium\" name=\"wpforms[fields][3]\" placeholder=\"Mensaje\" ><\/textarea><\/div><\/div><div class=\"wpforms-submit-container\"><input type=\"hidden\" name=\"wpforms[id]\" value=\"26487\"><input type=\"hidden\" name=\"wpforms[author]\" value=\"1\"><button type=\"submit\" name=\"wpforms[submit]\" id=\"wpforms-submit-26487\" class=\"wpforms-submit\" data-alt-text=\"Enviando...\" data-submit-text=\"Enviar\" aria-live=\"assertive\" value=\"wpforms-submit\">Enviar<\/button><img loading=\"lazy\" src=\"https:\/\/pulsarmarketingdigital.com\/wp-content\/plugins\/wpforms-lite\/assets\/images\/submit-spin.svg\" class=\"wpforms-submit-spinner\" style=\"display: none;\" width=\"26\" height=\"26\" alt=\"Cargando\"><\/div><\/form><\/div>  <!-- .wpforms-container -->\t\t<\/div>\n\t\t\t\t<\/div>\n\t\t\t\t\t<\/div>\n\t\t<\/div>\n\t\t\t\t\t\t\t<\/div>\n\t\t<\/section>\n\t\t\t\t\t\t\t<\/div>\n\t\t","protected":false},"excerpt":{"rendered":"<p>Paginas Web S\u00faper Econ\u00f3micas El DISE\u00d1O DE LA PAGINA CONTIENE Propuesta de Dise\u00f1o con 1 secci\u00f3n de informaci\u00f3n Mapa de ubicaci\u00f3n con Google Maps Conexi\u00f3n a tus Redes Sociales Dominio Gen\u00e9rico (tunombre-blogspot.com) Asesor\u00eda profesional Soporte t\u00e9cnico Tiempo de Entrega: 5 d\u00edas Dise\u00f1o responsivo para Celulares y Tablets Bot\u00f3n chat Whatsapp *Se puede adquirir dominio para &hellip;<\/p>\n<p class=\"read-more\"> <a class=\"\" href=\"https:\/\/pulsarmarketingdigital.com\/?page_id=26717\"> <span class=\"screen-reader-text\">Paginas Web S\u00faper Econ\u00f3micas<\/span> Leer m\u00e1s &raquo;<\/a><\/p>\n","protected":false},"author":1,"featured_media":0,"parent":0,"menu_order":0,"comment_status":"closed","ping_status":"closed","template":"","meta":{"om_disable_all_campaigns":false,"_monsterinsights_skip_tracking":false,"_monsterinsights_sitenote_active":false,"_monsterinsights_sitenote_note":"","_monsterinsights_sitenote_category":0,"site-sidebar-layout":"no-sidebar","site-content-layout":"page-builder","ast-global-header-display":"","ast-main-header-display":"","ast-hfb-above-header-display":"","ast-hfb-below-header-display":"","ast-hfb-mobile-header-display":"","site-post-title":"disabled","ast-breadcrumbs-content":"","ast-featured-img":"disabled","footer-sml-layout":"","theme-transparent-header-meta":"","adv-header-id-meta":"","stick-header-meta":"","header-above-stick-meta":"","header-main-stick-meta":"","header-below-stick-meta":""},"aioseo_notices":[],"uagb_featured_image_src":{"full":false,"thumbnail":false,"medium":false,"medium_large":false,"large":false,"1536x1536":false,"2048x2048":false},"uagb_author_info":{"display_name":"maximillianfer@gmail.com","author_link":"https:\/\/pulsarmarketingdigital.com\/?author=1"},"uagb_comment_info":0,"uagb_excerpt":"Paginas Web S\u00faper Econ\u00f3micas El DISE\u00d1O DE LA PAGINA CONTIENE Propuesta de Dise\u00f1o con 1 secci\u00f3n de informaci\u00f3n Mapa de ubicaci\u00f3n con Google Maps Conexi\u00f3n a tus Redes Sociales Dominio Gen\u00e9rico (tunombre-blogspot.com) Asesor\u00eda profesional Soporte t\u00e9cnico Tiempo de Entrega: 5 d\u00edas Dise\u00f1o responsivo para Celulares y Tablets Bot\u00f3n chat Whatsapp *Se puede adquirir dominio para&hellip;","_links":{"self":[{"href":"https:\/\/pulsarmarketingdigital.com\/index.php?rest_route=\/wp\/v2\/pages\/26717"}],"collection":[{"href":"https:\/\/pulsarmarketingdigital.com\/index.php?rest_route=\/wp\/v2\/pages"}],"about":[{"href":"https:\/\/pulsarmarketingdigital.com\/index.php?rest_route=\/wp\/v2\/types\/page"}],"author":[{"embeddable":true,"href":"https:\/\/pulsarmarketingdigital.com\/index.php?rest_route=\/wp\/v2\/users\/1"}],"replies":[{"embeddable":true,"href":"https:\/\/pulsarmarketingdigital.com\/index.php?rest_route=%2Fwp%2Fv2%2Fcomments&post=26717"}],"version-history":[{"count":29,"href":"https:\/\/pulsarmarketingdigital.com\/index.php?rest_route=\/wp\/v2\/pages\/26717\/revisions"}],"predecessor-version":[{"id":26760,"href":"https:\/\/pulsarmarketingdigital.com\/index.php?rest_route=\/wp\/v2\/pages\/26717\/revisions\/26760"}],"wp:attachment":[{"href":"https:\/\/pulsarmarketingdigital.com\/index.php?rest_route=%2Fwp%2Fv2%2Fmedia&parent=26717"}],"curies":[{"name":"wp","href":"https:\/\/api.w.org\/{rel}","templated":true}]}}